{"id":14,"date":"2025-05-19T08:14:26","date_gmt":"2025-05-19T08:14:26","guid":{"rendered":"https:\/\/seme.controldeempresas.es\/?page_id=14"},"modified":"2025-05-21T17:50:57","modified_gmt":"2025-05-21T17:50:57","slug":"seme-solicitud-de-alta-de-gestor-asociado-a-clinica-medica-estetica","status":"publish","type":"page","link":"https:\/\/seme.controldeempresas.es\/","title":{"rendered":"SEME Solicitud de alta de gestor asociado a Cl\u00ednica M\u00e9dica Est\u00e9tica"},"content":{"rendered":"\t\t<div data-elementor-type=\"wp-page\" data-elementor-id=\"14\" class=\"elementor elementor-14\" data-elementor-post-type=\"page\">\n\t\t\t\t<div class=\"elementor-element elementor-element-3ac3eb8 e-flex e-con-boxed e-con e-parent\" data-id=\"3ac3eb8\" data-element_type=\"container\" data-settings=\"{&quot;background_background&quot;:&quot;classic&quot;}\">\n\t\t\t\t\t<div class=\"e-con-inner\">\n\t\t\t\t<div class=\"elementor-element elementor-element-72af1da elementor-view-default elementor-widget elementor-widget-icon\" data-id=\"72af1da\" data-element_type=\"widget\" data-widget_type=\"icon.default\">\n\t\t\t\t<div class=\"elementor-widget-container\">\n\t\t\t\t\t\t\t<div class=\"elementor-icon-wrapper\">\n\t\t\t<div class=\"elementor-icon\">\n\t\t\t<svg xmlns=\"http:\/\/www.w3.org\/2000\/svg\" id=\"logo-seme\" width=\"600\" height=\"260\" viewBox=\"0 0 600 260\"><path id=\"logo-seme-letras\" d=\"M134.53 166.25c6.03-6.67 9.05-16.21 9.05-28.63 0-4.52-0.31-8.83-0.94-12.94 1.32 3.62 2.86 7.12 4.64 10.46 6.85 12.91 15.97 23.19 27.37 30.82 0.18 0.12 0.37 0.23 0.54 0.35 3.9-0.61 7.88-1.09 11.87-1.37 21.44-2.03 41.92 1.43 47.17 2.16 7.09 1.52 14.05 3.46 20.83 5.81 8.5-2.53 17.07-6.45 25.69-11.77l-1.45 13.74h22.33l6.29-83.92 11.49 83.93h7.73l12.53-83.92 5.55 83.93h23.08l-4.3-43.48c12.26 27.11 36.99 46.82 72.37 46.82 28.31 0 46.55-6.33 66.66-19.74v-32.03c-19.36 12.66-38.36 20.11-58.46 20.11 -32.04 0-51.02-17.13-56.24-50.28h117.68c0-61.82-28.3-91.99-72.61-91.99 -38.82 0-67.62 24.21-75.83 62.01l-6.32-63.94h-18.88l-8.56 95.46 -7.53-95.46h-18.83l-13.06 124.09c-18.31 13.36-38.28 20.05-59.92 20.05 -15.64 0-28.4-4.73-38.28-14.19 -9.88-9.46-15.25-22.19-16.09-38.19h117.65v-4.18c0-26.06-6.61-46.85-19.82-62.37 -13.22-15.51-30.92-23.28-53.1-23.28 -23.03 0-41.76 7.98-56.19 23.92C144.21 44.16 137 64.86 137 90.32c0 5.25 0.33 10.3 0.98 15.16 -2.08-7.01-4.63-14.48-7.67-22.46 -4.18-11-7.14-20.21-8.87-27.62 -0.9-3.95-1.36-7.98-1.36-12.06 0-6.21 1.38-10.94 4.13-14.18 2.75-3.24 6.1-4.87 10.05-4.87 2.68 0 5.64 0.78 8.89 2.33V3.65C137.58 1.89 132.64 1 128.33 1c-9.24 0-16.74 3.39-22.49 10.16 -5.75 6.77-8.62 17.57-8.62 32.38 0 6.84 0.64 13.06 1.9 18.63 2.25 9.81 5.75 20.73 10.48 32.75 4.73 12.03 7.97 21.81 9.74 29.37 0.92 3.81 1.38 7.8 1.38 11.97 0 5.22-1.22 9.17-3.65 11.85 -2.44 2.68-5.73 4.02-9.9 4.02 -3.03 0-6.35-0.77-9.94-2.33V173.5c5.85 1.84 10.76 2.75 14.71 2.75C120.96 176.25 128.49 172.92 134.53 166.25zM434.13 32.99c23.46 0 37.98 16.01 39.11 41.33h-84.17C393.54 47.89 408.81 32.99 434.13 32.99zM185.64 43.77c7.57-7.15 17.3-10.72 29.18-10.72 11.88 0 21.34 3.58 28.37 10.73 7.03 7.15 10.97 17.34 11.82 30.55h-84.19C173.12 61.11 178.06 50.92 185.64 43.77z\"><\/path><path id=\"logo-seme-adorno\" d=\"M396.03 209.13c-43.66 4.93-93.59-15.74-140.38-31.59 -29.26-10.35-63.92-9.02-93.76-0.98 -30.26 7.78-57.57 20.15-83.24 30.19 0.51 1.3 5.58 1.55 1.54 3.92 -16.39 8.6-15.5 11.03-14.55 13.73 0.49 1.37 13.05-4.83 9.2-1.89 13.04-4.93 34.99-13.23 22.49-6.61 -3.81 3.1-21.71 8.67-25.39 12.18 -3.69 3.63 5.88 2.31 2.19 5.92 -4.45 1.65-13.42 4.82-18.01 6.21 -4.16 2.78 5.87 2.56 1.27 4.01 -6.7 2.88-14.9 5.43-23.98 7.36 -4.52 0.97-9.47 1.77-13.61 2.5 -4.73 0.9-10.93 1.62-17.22 1.07 0.77 1.28-7.02 2.55 6.34 3.73 46.67-4.42 84.61-23.23 122.81-37.29 37.69-14.43 76.14-24.18 111.25-14.47 37.47 9.76 76.39 30.29 123.1 33.52 23.3 1.05 44.47-1.32 66.25-5.69 21.46-5.05 43.53-10.15 64.42-28.67 9.12-10.28 8.2-12.13 5.34-9.58 -3.31 2.89-10.57 9.28-18.1 12.55 5.01-2.47 3.68-4.27 8.39-7.52 -1.65-1.52-11.6 4.29-29.7 10.74 4.49-1.84 8.91-3.91 13.2-6.38 3.89-3.09-1.06-1.74-1.76-3.03 -4.13 2.35-8.4 4.37-8.72 3.64 -0.29-0.63-0.87-1.91-1.16-2.56 4.29-1.68 12.1-6.33 15.61-9.1 -3.63 2.61-7.42 5.09-7.84 4.38 -0.35-0.6-1.05-1.82-1.41-2.43 -7.66 3.86-19.93 9.79-28.95 11.44l-0.56-2.03c8.5-2.96 21.25-6.84 28.46-11.23 -4.1 1.4-4.38 0.76-5.02-0.48 -11.22 5.05-23.78 10.66-37.31 11.38 4.4-0.82 8.66-1.99 12.95-3.05C430.96 202.18 409.63 208.86 396.03 209.13z\" fill=\"#335FA6\"><\/path><\/svg>\t\t\t<\/div>\n\t\t<\/div>\n\t\t\t\t\t\t<\/div>\n\t\t\t\t<\/div>\n\t\t\t\t<div class=\"elementor-element elementor-element-11ad91a elementor-widget elementor-widget-heading\" data-id=\"11ad91a\" data-element_type=\"widget\" data-widget_type=\"heading.default\">\n\t\t\t\t<div class=\"elementor-widget-container\">\n\t\t\t\t\t<h3 class=\"elementor-heading-title elementor-size-default\">Sociedad Espa\u00f1ola de Medicina Est\u00e9tica<\/h3>\t\t\t\t<\/div>\n\t\t\t\t<\/div>\n\t\t\t\t<div class=\"elementor-element elementor-element-192d77b elementor-hidden-desktop elementor-hidden-tablet elementor-hidden-mobile elementor-widget-divider--view-line elementor-widget elementor-widget-divider\" data-id=\"192d77b\" data-element_type=\"widget\" data-widget_type=\"divider.default\">\n\t\t\t\t<div class=\"elementor-widget-container\">\n\t\t\t\t\t\t\t<div class=\"elementor-divider\">\n\t\t\t<span class=\"elementor-divider-separator\">\n\t\t\t\t\t\t<\/span>\n\t\t<\/div>\n\t\t\t\t\t\t<\/div>\n\t\t\t\t<\/div>\n\t\t<div class=\"elementor-element elementor-element-d505890 e-con-full e-flex e-con e-child\" data-id=\"d505890\" data-element_type=\"container\" data-settings=\"{&quot;background_background&quot;:&quot;classic&quot;}\">\n\t\t\t\t<div class=\"elementor-element elementor-element-0f34df2 elementor-widget elementor-widget-heading\" data-id=\"0f34df2\" data-element_type=\"widget\" data-widget_type=\"heading.default\">\n\t\t\t\t<div class=\"elementor-widget-container\">\n\t\t\t\t\t<h3 class=\"elementor-heading-title elementor-size-default\">Solicitud de Alta de Gestor Asociado a Cl\u00ednica M\u00e9dica Est\u00e9tica (U.48)\n\n<\/h3>\t\t\t\t<\/div>\n\t\t\t\t<\/div>\n\t\t\t\t<div class=\"elementor-element elementor-element-12395d9 elementor-widget elementor-widget-text-editor\" data-id=\"12395d9\" data-element_type=\"widget\" data-widget_type=\"text-editor.default\">\n\t\t\t\t<div class=\"elementor-widget-container\">\n\t\t\t\t\t\t\t\t\t<p>Para formalizar la incorporaci\u00f3n de un gestor al grupo de trabajo de cl\u00ednicas con Unidad U.48, es necesario cumplimentar el siguiente formulario. Debe ser completado tanto por el socio m\u00e9dico avalista como por el gestor responsable de la cl\u00ednica.<\/p><p>Este formulario es requisito indispensable para garantizar el cumplimiento de las normativas y principios de SEME en el entorno cl\u00ednico y de gesti\u00f3n.<\/p>\t\t\t\t\t\t\t\t<\/div>\n\t\t\t\t<\/div>\n\t\t\t\t<\/div>\n\t\t<div class=\"elementor-element elementor-element-3ca82c8 e-con-full e-flex e-con e-child\" data-id=\"3ca82c8\" data-element_type=\"container\">\n\t\t<div class=\"elementor-element elementor-element-16896a2 e-con-full e-flex e-con e-child\" data-id=\"16896a2\" data-element_type=\"container\">\n\t\t\t\t<div class=\"elementor-element elementor-element-8b150f2 elementor-button-align-stretch elementor-widget elementor-widget-form\" data-id=\"8b150f2\" data-element_type=\"widget\" data-settings=\"{&quot;step_next_label&quot;:&quot;Siguiente&quot;,&quot;step_previous_label&quot;:&quot;Anterior&quot;,&quot;button_width&quot;:&quot;100&quot;,&quot;step_type&quot;:&quot;number_text&quot;,&quot;step_icon_shape&quot;:&quot;circle&quot;}\" data-widget_type=\"form.default\">\n\t\t\t\t<div class=\"elementor-widget-container\">\n\t\t\t\t\t\t\t<form class=\"elementor-form\" method=\"post\" name=\"Formulario SEME\">\n\t\t\t<input type=\"hidden\" name=\"post_id\" value=\"14\"\/>\n\t\t\t<input type=\"hidden\" name=\"form_id\" value=\"8b150f2\"\/>\n\t\t\t<input type=\"hidden\" name=\"referer_title\" value=\"\" \/>\n\n\t\t\t\t\t\t\t<input type=\"hidden\" name=\"queried_id\" value=\"14\"\/>\n\t\t\t\n\t\t\t<div class=\"elementor-form-fields-wrapper elementor-labels-\">\n\t\t\t\t\t\t\t\t<div class=\"elementor-field-type-html elementor-field-group elementor-column elementor-field-group-name elementor-col-100\">\n\t\t\t\t\t<div style=\"display: flex; align-items: center; margin-bottom: 0em;\">\n    DATOS DEL SOCIO M\u00c9DICO AVALISTA (cumplimentar por el socio)\n  <\/span>\n  <hr style=\"flex: 1; margin-left: 10px; border: none; border-top: 1px solid #fff;\">\n<\/div>\t\t\t\t<\/div>\n\t\t\t\t\t\t\t\t<div class=\"elementor-field-type-text elementor-field-group elementor-column elementor-field-group-nombre elementor-col-50 elementor-field-required\">\n\t\t\t\t\t\t\t\t\t\t\t\t<label for=\"form-field-nombre\" class=\"elementor-field-label elementor-screen-only\">\n\t\t\t\t\t\t\t\tNombre y apellidos\t\t\t\t\t\t\t<\/label>\n\t\t\t\t\t\t\t\t\t\t\t\t\t\t<input size=\"1\" type=\"text\" name=\"form_fields[nombre]\" id=\"form-field-nombre\" class=\"elementor-field elementor-size-md  elementor-field-textual\" placeholder=\"Nombre y apellidos *\" required=\"required\">\n\t\t\t\t\t\t\t\t\t\t\t<\/div>\n\t\t\t\t\t\t\t\t<div class=\"elementor-field-type-text elementor-field-group elementor-column elementor-field-group-field_3bc1956 elementor-col-50 elementor-field-required\">\n\t\t\t\t\t\t\t\t\t\t\t\t<label for=\"form-field-field_3bc1956\" class=\"elementor-field-label elementor-screen-only\">\n\t\t\t\t\t\t\t\tN\u00famero de colegiado\t\t\t\t\t\t\t<\/label>\n\t\t\t\t\t\t\t\t\t\t\t\t\t\t<input size=\"1\" type=\"text\" name=\"form_fields[field_3bc1956]\" id=\"form-field-field_3bc1956\" class=\"elementor-field elementor-size-md  elementor-field-textual\" placeholder=\"N\u00famero de colegiado *\" required=\"required\">\n\t\t\t\t\t\t\t\t\t\t\t<\/div>\n\t\t\t\t\t\t\t\t<div class=\"elementor-field-type-text elementor-field-group elementor-column elementor-field-group-field_e955a41 elementor-col-100 elementor-field-required\">\n\t\t\t\t\t\t\t\t\t\t\t\t<label for=\"form-field-field_e955a41\" class=\"elementor-field-label elementor-screen-only\">\n\t\t\t\t\t\t\t\tColegio profesional al que pertenece\t\t\t\t\t\t\t<\/label>\n\t\t\t\t\t\t\t\t\t\t\t\t\t\t<input size=\"1\" type=\"text\" name=\"form_fields[field_e955a41]\" id=\"form-field-field_e955a41\" class=\"elementor-field elementor-size-md  elementor-field-textual\" placeholder=\"Colegio profesional al que pertenece *\" required=\"required\">\n\t\t\t\t\t\t\t\t\t\t\t<\/div>\n\t\t\t\t\t\t\t\t<div class=\"elementor-field-type-text elementor-field-group elementor-column elementor-field-group-email elementor-col-100 elementor-field-required\">\n\t\t\t\t\t\t\t\t\t\t\t\t<label for=\"form-field-email\" class=\"elementor-field-label elementor-screen-only\">\n\t\t\t\t\t\t\t\tC\u00f3digo de la U48\t\t\t\t\t\t\t<\/label>\n\t\t\t\t\t\t\t\t\t\t\t\t\t\t<input size=\"1\" type=\"text\" name=\"form_fields[email]\" id=\"form-field-email\" class=\"elementor-field elementor-size-md  elementor-field-textual\" placeholder=\"C\u00f3digo de la U48 *\" required=\"required\">\n\t\t\t\t\t\t\t\t\t\t\t<\/div>\n\t\t\t\t\t\t\t\t<div class=\"elementor-field-type-acceptance elementor-field-group elementor-column elementor-field-group-field_2853b52 elementor-col-100 elementor-field-required\">\n\t\t\t\t\t\t\t<div class=\"elementor-field-subgroup\">\n\t\t\t<span class=\"elementor-field-option\">\n\t\t\t\t<input type=\"checkbox\" name=\"form_fields[field_2853b52]\" id=\"form-field-field_2853b52\" class=\"elementor-field elementor-size-md  elementor-acceptance-field\" required=\"required\">\n\t\t\t\t<label for=\"form-field-field_2853b52\">Confirmo tener U.48.*<\/label>\t\t\t<\/span>\n\t\t<\/div>\n\t\t\t\t\t\t<\/div>\n\t\t\t\t\t\t\t\t<div class=\"elementor-field-type-acceptance elementor-field-group elementor-column elementor-field-group-field_2077cc3 elementor-col-100 elementor-field-required\">\n\t\t\t\t\t\t\t<div class=\"elementor-field-subgroup\">\n\t\t\t<span class=\"elementor-field-option\">\n\t\t\t\t<input type=\"checkbox\" name=\"form_fields[field_2077cc3]\" id=\"form-field-field_2077cc3\" class=\"elementor-field elementor-size-md  elementor-acceptance-field\" required=\"required\">\n\t\t\t\t<label for=\"form-field-field_2077cc3\">Confirmo que el gestor indicado es el gestor de mi cl\u00ednica y en el momento que no existiera esta vinculaci\u00f3n avisar\u00e9 a la SEME para darlo de baja.*<\/label>\t\t\t<\/span>\n\t\t<\/div>\n\t\t\t\t\t\t<\/div>\n\t\t\t\t\t\t\t\t<div class=\"elementor-field-type-acceptance elementor-field-group elementor-column elementor-field-group-field_ab0c5e8 elementor-col-100 elementor-field-required\">\n\t\t\t\t\t\t\t<div class=\"elementor-field-subgroup\">\n\t\t\t<span class=\"elementor-field-option\">\n\t\t\t\t<input type=\"checkbox\" name=\"form_fields[field_ab0c5e8]\" id=\"form-field-field_ab0c5e8\" class=\"elementor-field elementor-size-md  elementor-acceptance-field\" required=\"required\">\n\t\t\t\t<label for=\"form-field-field_ab0c5e8\">El incumplimiento de estos documentos por parte del m\u00e9dico o m\u00e9dicos de la U48 en la que el gerente desarrolla su actividad, as\u00ed como, en su caso, el incumplimiento por parte del propio gerente, puede ser motivo de baja del grupo de trabajo mixto de gestores U48 por causas deontol\u00f3gicas.*<\/label>\t\t\t<\/span>\n\t\t<\/div>\n\t\t\t\t\t\t<\/div>\n\t\t\t\t\t\t\t\t<div class=\"elementor-field-type-acceptance elementor-field-group elementor-column elementor-field-group-field_ba2745d elementor-col-100 elementor-field-required\">\n\t\t\t\t\t\t\t<div class=\"elementor-field-subgroup\">\n\t\t\t<span class=\"elementor-field-option\">\n\t\t\t\t<input type=\"checkbox\" name=\"form_fields[field_ba2745d]\" id=\"form-field-field_ba2745d\" class=\"elementor-field elementor-size-md  elementor-acceptance-field\" required=\"required\">\n\t\t\t\t<label for=\"form-field-field_ba2745d\">Acepto y declaro que los  datos anteriormente mencionados son ciertos son ciertos.*<\/label>\t\t\t<\/span>\n\t\t<\/div>\n\t\t\t\t\t\t<\/div>\n\t\t\t\t\t\t\t\t<div class=\"elementor-field-type-html elementor-field-group elementor-column elementor-field-group-field_beeb5bb elementor-col-100\">\n\t\t\t\t\t<br><hr style=\"border: none; border-top: 2px solid #66d9ff; margin: 20px 0;\">\n\t\t\t\t<\/div>\n\t\t\t\t\t\t\t\t<div class=\"elementor-field-type-html elementor-field-group elementor-column elementor-field-group-field_be83178 elementor-col-100\">\n\t\t\t\t\t<br><div style=\"display: flex; align-items: center; margin-bottom: 0em;\">\n   DATOS DEL GERENTE (cumplimentar por el gestor)\n  <\/span>\n  <hr style=\"flex: 1; margin-left: 10px; border: none; border-top: 1px solid #fff;\">\n<\/div>\t\t\t\t<\/div>\n\t\t\t\t\t\t\t\t<div class=\"elementor-field-type-text elementor-field-group elementor-column elementor-field-group-field_5e1aa72 elementor-col-50 elementor-field-required\">\n\t\t\t\t\t\t\t\t\t\t\t\t<label for=\"form-field-field_5e1aa72\" class=\"elementor-field-label elementor-screen-only\">\n\t\t\t\t\t\t\t\tNombre y apellidos\t\t\t\t\t\t\t<\/label>\n\t\t\t\t\t\t\t\t\t\t\t\t\t\t<input size=\"1\" type=\"text\" name=\"form_fields[field_5e1aa72]\" id=\"form-field-field_5e1aa72\" class=\"elementor-field elementor-size-md  elementor-field-textual\" placeholder=\"Nombre y apellidos *\" required=\"required\">\n\t\t\t\t\t\t\t\t\t\t\t<\/div>\n\t\t\t\t\t\t\t\t<div class=\"elementor-field-type-text elementor-field-group elementor-column elementor-field-group-field_4226b57 elementor-col-50 elementor-field-required\">\n\t\t\t\t\t\t\t\t\t\t\t\t<label for=\"form-field-field_4226b57\" class=\"elementor-field-label elementor-screen-only\">\n\t\t\t\t\t\t\t\tDNI \/ equivalente\t\t\t\t\t\t\t<\/label>\n\t\t\t\t\t\t\t\t\t\t\t\t\t\t<input size=\"1\" type=\"text\" name=\"form_fields[field_4226b57]\" id=\"form-field-field_4226b57\" class=\"elementor-field elementor-size-md  elementor-field-textual\" placeholder=\"DNI \/ equivalente *\" required=\"required\">\n\t\t\t\t\t\t\t\t\t\t\t<\/div>\n\t\t\t\t\t\t\t\t<div class=\"elementor-field-type-email elementor-field-group elementor-column elementor-field-group-emailgestor elementor-col-50 elementor-field-required\">\n\t\t\t\t\t\t\t\t\t\t\t\t<label for=\"form-field-emailgestor\" class=\"elementor-field-label elementor-screen-only\">\n\t\t\t\t\t\t\t\tEmail contacto\t\t\t\t\t\t\t<\/label>\n\t\t\t\t\t\t\t\t\t\t\t\t\t\t<input size=\"1\" type=\"email\" name=\"form_fields[emailgestor]\" id=\"form-field-emailgestor\" class=\"elementor-field elementor-size-md  elementor-field-textual\" placeholder=\"Email contacto *\" required=\"required\">\n\t\t\t\t\t\t\t\t\t\t\t<\/div>\n\t\t\t\t\t\t\t\t<div class=\"elementor-field-type-tel elementor-field-group elementor-column elementor-field-group-field_2ea133e elementor-col-50 elementor-field-required\">\n\t\t\t\t\t\t\t\t\t\t\t\t<label for=\"form-field-field_2ea133e\" class=\"elementor-field-label elementor-screen-only\">\n\t\t\t\t\t\t\t\tTel\u00e9fono\t\t\t\t\t\t\t<\/label>\n\t\t\t\t\t\t\t\t<input size=\"1\" type=\"tel\" name=\"form_fields[field_2ea133e]\" id=\"form-field-field_2ea133e\" class=\"elementor-field elementor-size-md  elementor-field-textual\" placeholder=\"Tel\u00e9fono *\" required=\"required\" pattern=\"[0-9()#&amp;+*-=.]+\" title=\"Solo se aceptan n\u00fameros y caracteres de tel\u00e9fono (#,-,*,etc).\">\n\n\t\t\t\t\t\t<\/div>\n\t\t\t\t\t\t\t\t<div class=\"elementor-field-type-acceptance elementor-field-group elementor-column elementor-field-group-field_f8f4379 elementor-col-100 elementor-field-required\">\n\t\t\t\t\t\t\t<div class=\"elementor-field-subgroup\">\n\t\t\t<span class=\"elementor-field-option\">\n\t\t\t\t<input type=\"checkbox\" name=\"form_fields[field_f8f4379]\" id=\"form-field-field_f8f4379\" class=\"elementor-field elementor-size-md  elementor-acceptance-field\" required=\"required\">\n\t\t\t\t<label for=\"form-field-field_f8f4379\">Confirmo que trabajo en un centro sanitario que tiene autorizada la unidad asistencial U.48.*<\/label>\t\t\t<\/span>\n\t\t<\/div>\n\t\t\t\t\t\t<\/div>\n\t\t\t\t\t\t\t\t<div class=\"elementor-field-type-acceptance elementor-field-group elementor-column elementor-field-group-field_612dfba elementor-col-50 elementor-field-required\">\n\t\t\t\t\t\t\t<div class=\"elementor-field-subgroup\">\n\t\t\t<span class=\"elementor-field-option\">\n\t\t\t\t<input type=\"checkbox\" name=\"form_fields[field_612dfba]\" id=\"form-field-field_612dfba\" class=\"elementor-field elementor-size-md  elementor-acceptance-field\" required=\"required\">\n\t\t\t\t<label for=\"form-field-field_612dfba\">Acepto las directrices sobre publicidad establecidas por SEME.*<\/label>\t\t\t<\/span>\n\t\t<\/div>\n\t\t\t\t\t\t<\/div>\n\t\t\t\t\t\t\t\t<div class=\"elementor-field-type-acceptance elementor-field-group elementor-column elementor-field-group-field_6466d45 elementor-col-25 elementor-field-required\">\n\t\t\t\t\t\t\t<div class=\"elementor-field-subgroup\">\n\t\t\t<span class=\"elementor-field-option\">\n\t\t\t\t<input type=\"checkbox\" name=\"form_fields[field_6466d45]\" id=\"form-field-field_6466d45\" class=\"elementor-field elementor-size-md  elementor-acceptance-field\" required=\"required\">\n\t\t\t\t<label for=\"form-field-field_6466d45\">Acepto el <a href=\"https:\/\/seme.controldeempresas.es\/wp-content\/uploads\/2025\/05\/Codigo-etico-SEME-14-09-2021.pdf\" target=\"_blank\" rel=\"noopener noreferrer\" style=\"color: #66d9ff; text-decoration: none;\" onmouseover=\"this.style.color='#ffffff'\" onmouseout=\"this.style.color='#66d9ff'\">C\u00f3digo \u00e9tico SEME<\/a>.*<\/label>\t\t\t<\/span>\n\t\t<\/div>\n\t\t\t\t\t\t<\/div>\n\t\t\t\t\t\t\t\t<div class=\"elementor-field-type-acceptance elementor-field-group elementor-column elementor-field-group-field_b0dcdb2 elementor-col-25 elementor-field-required\">\n\t\t\t\t\t\t\t<div class=\"elementor-field-subgroup\">\n\t\t\t<span class=\"elementor-field-option\">\n\t\t\t\t<input type=\"checkbox\" name=\"form_fields[field_b0dcdb2]\" id=\"form-field-field_b0dcdb2\" class=\"elementor-field elementor-size-md  elementor-acceptance-field\" required=\"required\">\n\t\t\t\t<label for=\"form-field-field_b0dcdb2\">Acepto los <a href=\"https:\/\/seme.controldeempresas.es\/wp-content\/uploads\/2025\/05\/Estatutos-de-la-SEME-web-2025.pdf\" target=\"_blank\" rel=\"noopener noreferrer\" style=\"color: #66d9ff; text-decoration: none;\" onmouseover=\"this.style.color='#ffffff'\" onmouseout=\"this.style.color='#66d9ff'\">Estatutos SEME<\/a>.*<\/label>\t\t\t<\/span>\n\t\t<\/div>\n\t\t\t\t\t\t<\/div>\n\t\t\t\t\t\t\t\t<div class=\"elementor-field-type-acceptance elementor-field-group elementor-column elementor-field-group-field_5980da7 elementor-col-40 elementor-field-required\">\n\t\t\t\t\t\t\t<div class=\"elementor-field-subgroup\">\n\t\t\t<span class=\"elementor-field-option\">\n\t\t\t\t<input type=\"checkbox\" name=\"form_fields[field_5980da7]\" id=\"form-field-field_5980da7\" class=\"elementor-field elementor-size-md  elementor-acceptance-field\" required=\"required\">\n\t\t\t\t<label for=\"form-field-field_5980da7\">Acepto <a href=\"https:\/\/seme.controldeempresas.es\/wp-content\/uploads\/2025\/05\/GRUPO-DE-TRABAJO-MIXTOS-GESTORES.pdf\" target=\"_blank\" rel=\"noopener noreferrer\" style=\"color: #66d9ff; text-decoration: none;\" onmouseover=\"this.style.color='#fff'\" onmouseout=\"this.style.color='#66d9ff'\">el funcionamiento del Grupo de Gestores<\/a>.*<\/label>\t\t\t<\/span>\n\t\t<\/div>\n\t\t\t\t\t\t<\/div>\n\t\t\t\t\t\t\t\t<div class=\"elementor-field-type-acceptance elementor-field-group elementor-column elementor-field-group-field_39dde06 elementor-col-60 elementor-field-required\">\n\t\t\t\t\t\t\t<div class=\"elementor-field-subgroup\">\n\t\t\t<span class=\"elementor-field-option\">\n\t\t\t\t<input type=\"checkbox\" name=\"form_fields[field_39dde06]\" id=\"form-field-field_39dde06\" class=\"elementor-field elementor-size-md  elementor-acceptance-field\" required=\"required\">\n\t\t\t\t<label for=\"form-field-field_39dde06\">Acepto y declaro que los datos anteriormente mencionados son ciertos.*<\/label>\t\t\t<\/span>\n\t\t<\/div>\n\t\t\t\t\t\t<\/div>\n\t\t\t\t\t\t\t\t<div class=\"elementor-field-group elementor-column elementor-field-type-submit elementor-col-100 e-form__buttons\">\n\t\t\t\t\t<button class=\"elementor-button elementor-size-lg\" type=\"submit\">\n\t\t\t\t\t\t<span class=\"elementor-button-content-wrapper\">\n\t\t\t\t\t\t\t\t\t\t\t\t\t\t\t\t\t\t\t\t\t\t<span class=\"elementor-button-text\">Enviar solicitud<\/span>\n\t\t\t\t\t\t\t\t\t\t\t\t\t<\/span>\n\t\t\t\t\t<\/button>\n\t\t\t\t<\/div>\n\t\t\t<\/div>\n\t\t<\/form>\n\t\t\t\t\t\t<\/div>\n\t\t\t\t<\/div>\n\t\t\t\t<\/div>\n\t\t\t\t<\/div>\n\t\t\t\t\t<\/div>\n\t\t\t\t<\/div>\n\t\t<div class=\"elementor-element elementor-element-76d4189 e-flex e-con-boxed e-con e-parent\" data-id=\"76d4189\" data-element_type=\"container\" data-settings=\"{&quot;background_background&quot;:&quot;classic&quot;}\">\n\t\t\t\t\t<div class=\"e-con-inner\">\n\t\t\t\t<div class=\"elementor-element elementor-element-53d6728 elementor-widget elementor-widget-text-editor\" data-id=\"53d6728\" data-element_type=\"widget\" data-widget_type=\"text-editor.default\">\n\t\t\t\t<div class=\"elementor-widget-container\">\n\t\t\t\t\t\t\t\t\t<p>Copyright \u00a9 2025 Sociedad Espa\u00f1ola de Medicina Est\u00e9tica<\/p>\t\t\t\t\t\t\t\t<\/div>\n\t\t\t\t<\/div>\n\t\t\t\t\t<\/div>\n\t\t\t\t<\/div>\n\t\t\t\t<\/div>\n\t\t","protected":false},"excerpt":{"rendered":"<p>Sociedad Espa\u00f1ola de Medicina Est\u00e9tica Solicitud de Alta de Gestor Asociado a Cl\u00ednica M\u00e9dica Est\u00e9tica (U.48) Para formalizar la incorporaci\u00f3n de un gestor al grupo de trabajo de cl\u00ednicas con Unidad U.48, es necesario cumplimentar el siguiente formulario. Debe ser completado tanto por el socio m\u00e9dico avalista como por el gestor responsable de la cl\u00ednica. [&hellip;]<\/p>\n","protected":false},"author":1,"featured_media":0,"parent":0,"menu_order":0,"comment_status":"closed","ping_status":"closed","template":"elementor_canvas","meta":{"footnotes":""},"class_list":["post-14","page","type-page","status-publish","hentry"],"_links":{"self":[{"href":"https:\/\/seme.controldeempresas.es\/index.php\/wp-json\/wp\/v2\/pages\/14","targetHints":{"allow":["GET"]}}],"collection":[{"href":"https:\/\/seme.controldeempresas.es\/index.php\/wp-json\/wp\/v2\/pages"}],"about":[{"href":"https:\/\/seme.controldeempresas.es\/index.php\/wp-json\/wp\/v2\/types\/page"}],"author":[{"embeddable":true,"href":"https:\/\/seme.controldeempresas.es\/index.php\/wp-json\/wp\/v2\/users\/1"}],"replies":[{"embeddable":true,"href":"https:\/\/seme.controldeempresas.es\/index.php\/wp-json\/wp\/v2\/comments?post=14"}],"version-history":[{"count":55,"href":"https:\/\/seme.controldeempresas.es\/index.php\/wp-json\/wp\/v2\/pages\/14\/revisions"}],"predecessor-version":[{"id":85,"href":"https:\/\/seme.controldeempresas.es\/index.php\/wp-json\/wp\/v2\/pages\/14\/revisions\/85"}],"wp:attachment":[{"href":"https:\/\/seme.controldeempresas.es\/index.php\/wp-json\/wp\/v2\/media?parent=14"}],"curies":[{"name":"wp","href":"https:\/\/api.w.org\/{rel}","templated":true}]}}